{"id":14,"date":"2022-07-03T13:58:36","date_gmt":"2022-07-03T13:58:36","guid":{"rendered":"https:\/\/eft-emotion.com\/contact\/"},"modified":"2026-01-06T17:18:33","modified_gmt":"2026-01-06T17:18:33","slug":"prendre-rdv","status":"publish","type":"page","link":"https:\/\/eft-emotion.com\/en_gb\/prendre-rdv\/","title":{"rendered":"Book a session"},"content":{"rendered":"\t\t<div data-elementor-type=\"wp-page\" data-elementor-id=\"14\" class=\"elementor elementor-14\">\n\t\t\t\t\t\t<section class=\"elementor-section elementor-top-section elementor-element elementor-element-42d36fa elementor-section-boxed elementor-section-height-default elementor-section-height-default\" data-id=\"42d36fa\" data-element_type=\"section\" data-e-type=\"section\">\n\t\t\t\t\t\t<div class=\"elementor-container elementor-column-gap-default\">\n\t\t\t\t\t<div class=\"elementor-column elementor-col-50 elementor-top-column elementor-element elementor-element-b7273a9\" data-id=\"b7273a9\" data-element_type=\"column\" data-e-type=\"column\" data-settings=\"{&quot;background_background&quot;:&quot;classic&quot;}\">\n\t\t\t<div class=\"elementor-widget-wrap elementor-element-populated\">\n\t\t\t\t\t\t<div class=\"elementor-element elementor-element-788d78c elementor-widget elementor-widget-heading\" data-id=\"788d78c\" data-element_type=\"widget\" data-e-type=\"widget\" data-widget_type=\"heading.default\">\n\t\t\t\t<div class=\"elementor-widget-container\">\n\t\t\t\t\t<h2 class=\"elementor-heading-title elementor-size-large\">Prendre Rendez-vous<\/h2>\t\t\t\t<\/div>\n\t\t\t\t<\/div>\n\t\t\t\t<div class=\"elementor-element elementor-element-b5f9ac0 elementor-widget elementor-widget-text-editor\" data-id=\"b5f9ac0\" data-element_type=\"widget\" data-e-type=\"widget\" data-widget_type=\"text-editor.default\">\n\t\t\t\t<div class=\"elementor-widget-container\">\n\t\t\t\t\t\t\t\t\t<p><strong>EFT-Emotion<\/strong><\/p><p>1260 Nyon (Vaud), Suisse<br \/><strong>info@eft-emotion.com<br \/><\/strong><\/p>\t\t\t\t\t\t\t\t<\/div>\n\t\t\t\t<\/div>\n\t\t\t\t<div class=\"elementor-element elementor-element-5eb9363 elementor-widget elementor-widget-text-editor\" data-id=\"5eb9363\" data-element_type=\"widget\" data-e-type=\"widget\" data-widget_type=\"text-editor.default\">\n\t\t\t\t<div class=\"elementor-widget-container\">\n\t\t\t\t\t\t\t\t\t<p><b>Consultation adulte : Chf 130,- pour 90 minutes<br \/>Consultation enfant : Chf 100,- pour 60 minutes<\/b><\/p><p>S\u00e9ance en ligne, en cabinet ou chez vous dans un rayon de 25 kms.<br \/>Le rendez-vous sera confirm\u00e9 d\u00e8s r\u00e9ception du paiement.<\/p><p><strong style=\"font-size: var(--go--font-size); color: var( --e-global-color-text ); letter-spacing: 0px;\">Combien de s\u00e9ances sont-elles n\u00e9cessaires\u00a0?<br \/><\/strong><span style=\"color: var( --e-global-color-text ); font-size: var(--go--font-size); letter-spacing: 0px;\">Le nombre de s\u00e9ances d\u00e9pend de la complexit\u00e9 de votre probl\u00e9matique.<\/span><\/p>\t\t\t\t\t\t\t\t<\/div>\n\t\t\t\t<\/div>\n\t\t\t\t\t<\/div>\n\t\t<\/div>\n\t\t\t\t<div class=\"elementor-column elementor-col-50 elementor-top-column elementor-element elementor-element-65830c1\" data-id=\"65830c1\" data-element_type=\"column\" data-e-type=\"column\" data-settings=\"{&quot;background_background&quot;:&quot;classic&quot;}\">\n\t\t\t<div class=\"elementor-widget-wrap elementor-element-populated\">\n\t\t\t\t\t\t<div class=\"elementor-element elementor-element-7276400 elementor-widget elementor-widget-image\" data-id=\"7276400\" data-element_type=\"widget\" data-e-type=\"widget\" data-widget_type=\"image.default\">\n\t\t\t\t<div class=\"elementor-widget-container\">\n\t\t\t\t\t\t\t\t\t\t\t\t\t\t\t<img fetchpriority=\"high\" decoding=\"async\" width=\"660\" height=\"440\" src=\"https:\/\/eft-emotion.com\/wp-content\/uploads\/2022\/12\/photos-gratuites-libres-de-droits-domaine-public-creative-commons-telechargement-libre1-1560x1040-1-1024x683.jpg\" class=\"attachment-large size-large wp-image-1184\" alt=\"\" srcset=\"https:\/\/eft-emotion.com\/wp-content\/uploads\/2022\/12\/photos-gratuites-libres-de-droits-domaine-public-creative-commons-telechargement-libre1-1560x1040-1-1024x683.jpg 1024w, https:\/\/eft-emotion.com\/wp-content\/uploads\/2022\/12\/photos-gratuites-libres-de-droits-domaine-public-creative-commons-telechargement-libre1-1560x1040-1-300x200.jpg 300w, https:\/\/eft-emotion.com\/wp-content\/uploads\/2022\/12\/photos-gratuites-libres-de-droits-domaine-public-creative-commons-telechargement-libre1-1560x1040-1-768x512.jpg 768w, https:\/\/eft-emotion.com\/wp-content\/uploads\/2022\/12\/photos-gratuites-libres-de-droits-domaine-public-creative-commons-telechargement-libre1-1560x1040-1-1536x1024.jpg 1536w, https:\/\/eft-emotion.com\/wp-content\/uploads\/2022\/12\/photos-gratuites-libres-de-droits-domaine-public-creative-commons-telechargement-libre1-1560x1040-1-18x12.jpg 18w, https:\/\/eft-emotion.com\/wp-content\/uploads\/2022\/12\/photos-gratuites-libres-de-droits-domaine-public-creative-commons-telechargement-libre1-1560x1040-1.jpg 1560w\" sizes=\"(max-width: 660px) 100vw, 660px\" \/>\t\t\t\t\t\t\t\t\t\t\t\t\t\t\t<\/div>\n\t\t\t\t<\/div>\n\t\t\t\t\t<\/div>\n\t\t<\/div>\n\t\t\t\t\t<\/div>\n\t\t<\/section>\n\t\t\t\t<section class=\"elementor-section elementor-top-section elementor-element elementor-element-b9cfeb3 elementor-section-boxed elementor-section-height-default elementor-section-height-default\" data-id=\"b9cfeb3\" data-element_type=\"section\" data-e-type=\"section\">\n\t\t\t\t\t\t<div class=\"elementor-container elementor-column-gap-default\">\n\t\t\t\t\t<div class=\"elementor-column elementor-col-100 elementor-top-column elementor-element elementor-element-33b83ed\" data-id=\"33b83ed\" data-element_type=\"column\" data-e-type=\"column\" data-settings=\"{&quot;background_background&quot;:&quot;classic&quot;}\">\n\t\t\t<div class=\"elementor-widget-wrap elementor-element-populated\">\n\t\t\t\t\t\t<div class=\"elementor-element elementor-element-62a2c04 elementor-widget elementor-widget-text-editor\" data-id=\"62a2c04\" data-element_type=\"widget\" data-e-type=\"widget\" data-widget_type=\"text-editor.default\">\n\t\t\t\t<div class=\"elementor-widget-container\">\n\t\t\t\t\t\t\t\t\t<strong> VOTRE PARTICIPATION ACTIVE A LA RESOLUTION DE VOTRE PROBLEME EST UN FACTEUR CLE !<\/strong>\t\t\t\t\t\t\t\t<\/div>\n\t\t\t\t<\/div>\n\t\t\t\t\t<\/div>\n\t\t<\/div>\n\t\t\t\t\t<\/div>\n\t\t<\/section>\n\t\t\t\t<section class=\"elementor-section elementor-top-section elementor-element elementor-element-e656289 elementor-section-boxed elementor-section-height-default elementor-section-height-default\" data-id=\"e656289\" data-element_type=\"section\" data-e-type=\"section\">\n\t\t\t\t\t\t<div class=\"elementor-container elementor-column-gap-default\">\n\t\t\t\t\t<div class=\"elementor-column elementor-col-100 elementor-top-column elementor-element elementor-element-4d748a5\" data-id=\"4d748a5\" data-element_type=\"column\" data-e-type=\"column\">\n\t\t\t<div class=\"elementor-widget-wrap elementor-element-populated\">\n\t\t\t\t\t\t\t<\/div>\n\t\t<\/div>\n\t\t\t\t\t<\/div>\n\t\t<\/section>\n\t\t\t\t<section class=\"elementor-section elementor-top-section elementor-element elementor-element-b5f317b elementor-section-boxed elementor-section-height-default elementor-section-height-default\" data-id=\"b5f317b\" data-element_type=\"section\" data-e-type=\"section\">\n\t\t\t\t\t\t<div class=\"elementor-container elementor-column-gap-default\">\n\t\t\t\t\t<div class=\"elementor-column elementor-col-100 elementor-top-column elementor-element elementor-element-2c44fa9\" data-id=\"2c44fa9\" data-element_type=\"column\" data-e-type=\"column\">\n\t\t\t<div class=\"elementor-widget-wrap elementor-element-populated\">\n\t\t\t\t\t\t<div class=\"elementor-element elementor-element-2dd2b61 elementor-widget elementor-widget-heading\" data-id=\"2dd2b61\" data-element_type=\"widget\" data-e-type=\"widget\" data-widget_type=\"heading.default\">\n\t\t\t\t<div class=\"elementor-widget-container\">\n\t\t\t\t\t<h2 class=\"elementor-heading-title elementor-size-large\">Contact<\/h2>\t\t\t\t<\/div>\n\t\t\t\t<\/div>\n\t\t\t\t\t<\/div>\n\t\t<\/div>\n\t\t\t\t\t<\/div>\n\t\t<\/section>\n\t\t\t\t<section class=\"elementor-section elementor-top-section elementor-element elementor-element-5c13f99 elementor-section-boxed elementor-section-height-default elementor-section-height-default\" data-id=\"5c13f99\" data-element_type=\"section\" data-e-type=\"section\">\n\t\t\t\t\t\t<div class=\"elementor-container elementor-column-gap-default\">\n\t\t\t\t\t<div class=\"elementor-column elementor-col-100 elementor-top-column elementor-element elementor-element-f0820b4\" data-id=\"f0820b4\" data-element_type=\"column\" data-e-type=\"column\">\n\t\t\t<div class=\"elementor-widget-wrap elementor-element-populated\">\n\t\t\t\t\t\t<div class=\"elementor-element elementor-element-ffe3acd fluentform-widget-submit-button-custom elementor-widget elementor-widget-fluent-form-widget\" data-id=\"ffe3acd\" data-element_type=\"widget\" data-e-type=\"widget\" data-widget_type=\"fluent-form-widget.default\">\n\t\t\t\t<div class=\"elementor-widget-container\">\n\t\t\t\t\t\n            <div class=\"fluentform-widget-wrapper fluentform-widget-align-default\">\n\n            \n            <div class='fluentform ff-default fluentform_wrapper_3 ffs_default_wrap'><form data-form_id=\"3\" id=\"fluentform_3\" class=\"frm-fluent-form fluent_form_3 ff-el-form-top ff_form_instance_3_1 ff-form-loading ffs_default\" data-form_instance=\"ff_form_instance_3_1\" method=\"POST\" ><fieldset  style=\"border: none!important;margin: 0!important;padding: 0!important;background-color: transparent!important;box-shadow: none!important;outline: none!important; min-inline-size: 100%;\">\n                    <legend class=\"ff_screen_reader_title\" style=\"display: block; margin: 0!important;padding: 0!important;height: 0!important;text-indent: -999999px;width: 0!important;overflow:hidden;\">Contact Form FR<\/legend><input type='hidden' name='__fluent_form_embded_post_id' value='1465' \/><input type=\"hidden\" id=\"_fluentform_3_fluentformnonce\" name=\"_fluentform_3_fluentformnonce\" value=\"511c026edc\" \/><input type=\"hidden\" name=\"_wp_http_referer\" value=\"\/en_gb\/wp-json\/wp\/v2\/pages\/14\" \/><div data-type=\"name-element\" data-name=\"names\" class=\" ff-field_container ff-name-field-wrapper\" ><div class='ff-t-container'><div class='ff-t-cell '><div class='ff-el-group'><div class=\"ff-el-input--label asterisk-right\"><label for='ff_3_names_first_name_' id='label_ff_3_names_first_name_' >Pr\u00e9nom<\/label><\/div><div class='ff-el-input--content'><input type=\"text\" name=\"names[first_name]\" id=\"ff_3_names_first_name_\" class=\"ff-el-form-control\" placeholder=\"Pr\u00e9nom\" aria-invalid=\"false\" aria-required=false><\/div><\/div><\/div><div class='ff-t-cell '><div class='ff-el-group'><div class=\"ff-el-input--label asterisk-right\"><label for='ff_3_names_last_name_' id='label_ff_3_names_last_name_' >Nom<\/label><\/div><div class='ff-el-input--content'><input type=\"text\" name=\"names[last_name]\" id=\"ff_3_names_last_name_\" class=\"ff-el-form-control\" placeholder=\"Nom\" aria-invalid=\"false\" aria-required=false><\/div><\/div><\/div><\/div><\/div><div class='ff-el-group'><div class=\"ff-el-input--label ff-el-is-required asterisk-right\"><label for='ff_3_email' id='label_ff_3_email' aria-label=\"Email\">Email<\/label><\/div><div class='ff-el-input--content'><input type=\"email\" name=\"email\" id=\"ff_3_email\" class=\"ff-el-form-control\" placeholder=\"Email Address\" data-name=\"email\"  aria-invalid=\"false\" aria-required=true><\/div><\/div><div class='ff-el-group'><div class=\"ff-el-input--label asterisk-right\"><label for='ff_3_subject' id='label_ff_3_subject' aria-label=\"Sujet\">Sujet<\/label><\/div><div class='ff-el-input--content'><input type=\"text\" name=\"subject\" class=\"ff-el-form-control\" placeholder=\"Sujet\" data-name=\"subject\" id=\"ff_3_subject\"  aria-invalid=\"false\" aria-required=false><\/div><\/div><div class='ff-el-group'><div class=\"ff-el-input--label ff-el-is-required asterisk-right\"><label for='ff_3_message' id='label_ff_3_message' aria-label=\"Votre Message\">Votre Message<\/label><\/div><div class='ff-el-input--content'><textarea aria-required=\"true\" aria-labelledby=\"label_ff_3_message\" name=\"message\" id=\"ff_3_message\" class=\"ff-el-form-control\" placeholder=\"Votre Message\" rows=\"4\" cols=\"2\" data-name=\"message\" ><\/textarea><\/div><\/div><div class='ff-el-group ff-text-left ff_submit_btn_wrapper'><button type=\"submit\" class=\"ff-btn ff-btn-submit ff-btn-md ff_btn_style\"  aria-label=\"Envoyer\">Envoyer<\/button><\/div><\/fieldset><\/form><div id='fluentform_3_errors' class='ff-errors-in-stack ff_form_instance_3_1 ff-form-loading_errors ff_form_instance_3_1_errors'><\/div><\/div>            <script type=\"text\/javascript\">\n                window.fluent_form_ff_form_instance_3_1 = {\"id\":\"3\",\"ajaxUrl\":\"https:\\\/\\\/eft-emotion.com\\\/wp-admin\\\/admin-ajax.php\",\"settings\":{\"layout\":{\"labelPlacement\":\"top\",\"helpMessagePlacement\":\"with_label\",\"errorMessagePlacement\":\"inline\",\"cssClassName\":\"\",\"asteriskPlacement\":\"asterisk-right\"},\"restrictions\":{\"denyEmptySubmission\":{\"enabled\":false}}},\"form_instance\":\"ff_form_instance_3_1\",\"form_id_selector\":\"fluentform_3\",\"rules\":{\"names[first_name]\":{\"required\":{\"value\":false,\"message\":\"This field is required\"}},\"names[middle_name]\":{\"required\":{\"value\":false,\"message\":\"This field is required\"}},\"names[last_name]\":{\"required\":{\"value\":false,\"message\":\"This field is required\"}},\"email\":{\"required\":{\"value\":true,\"message\":\"This field is required\"},\"email\":{\"value\":true,\"message\":\"This field must contain a valid email\"}},\"subject\":{\"required\":{\"value\":false,\"message\":\"This field is required\"}},\"message\":{\"required\":{\"value\":true,\"message\":\"This field is required\"}}},\"debounce_time\":300};\n                            <\/script>\n                        <\/div>\n\n            \t\t\t\t<\/div>\n\t\t\t\t<\/div>\n\t\t\t\t\t<\/div>\n\t\t<\/div>\n\t\t\t\t\t<\/div>\n\t\t<\/section>\n\t\t\t\t<section class=\"elementor-section elementor-top-section elementor-element elementor-element-0ae14ed elementor-section-boxed elementor-section-height-default elementor-section-height-default\" data-id=\"0ae14ed\" data-element_type=\"section\" data-e-type=\"section\">\n\t\t\t\t\t\t<div class=\"elementor-container elementor-column-gap-default\">\n\t\t\t\t\t<div class=\"elementor-column elementor-col-100 elementor-top-column elementor-element elementor-element-421515e\" data-id=\"421515e\" data-element_type=\"column\" data-e-type=\"column\">\n\t\t\t<div class=\"elementor-widget-wrap elementor-element-populated\">\n\t\t\t\t\t\t<div class=\"elementor-element elementor-element-05abfd8 elementor-widget elementor-widget-rt-testimonial-slider\" data-id=\"05abfd8\" data-element_type=\"widget\" data-e-type=\"widget\" data-widget_type=\"rt-testimonial-slider.default\">\n\t\t\t\t<div class=\"elementor-widget-container\">\n\t\t\t\t\t<div class='rt-container-fluid tss-wrapper' id='tss-container-1007080451' data-layout='carousel3' data-desktop-col='2' data-tab-col='2' data-mobile-col='1'><div data-title='Loading ...' class='rt-row tss-carousel3 tss-even tss-pre-loader'><div class=\"carousel-wrapper\"><div class='tss-carousel swiper' data-loop='false' data-items-desktop='2' data-items-tab='2' data-items-mobile='1' data-autoplay='true' data-autoplay-timeout='5000' data-autoplay-hover-pause='true' data-dots='true' data-nav='true' data-lazy-load='false' data-auto-height='false' data-smart-speed='2000'><div class=\"swiper-wrapper\"><div class='rt-col-md-12 rt-col-sm-12 rt-col-xs-12 even-grid-item tss-grid-item slide-item swiper-slide even-grid-item'><div class=\"single-item-wrapper\"><div class=\"tss-meta-info\"><\/div><h3 class='author-name'>B\u00e9atrice<\/h3><div class=\"item-content-wrapper\"><div class='item-content'><div>\u00ab\u00a0Une belle rencontre un samedi matin chez l&rsquo;Epicier. Votre belle personalit\u00e9 et professionnalisme m&rsquo;a tout de suite touch\u00e9e. Votre approche bienveillante et qui va en profondeur m&rsquo;a permis de me prot\u00e9ger face aux manipulateurs, l&rsquo;effet est garanti. Un GRAND MERCI Sylvie. \u00ab\u00a0<\/div>\n<div>B\u00e9atrice<\/div>\n<\/div><\/div><\/div><\/div><div class='rt-col-md-12 rt-col-sm-12 rt-col-xs-12 even-grid-item tss-grid-item slide-item swiper-slide even-grid-item'><div class=\"single-item-wrapper\"><div class=\"tss-meta-info\"><\/div><h3 class='author-name'>Virginie<\/h3><div class=\"item-content-wrapper\"><div class='item-content'><p>\u00ab\u00a0Je tiens \u00e0 remercier Sylvie et\u00a0son professionnalisme.Elle a su m&rsquo;accompagner dans beaucoup de mes traumatismes et gr\u00e2ce \u00e0 notre travail j&rsquo;ai pu en d\u00e9passer plusieurs qui me posaient probl\u00e8me dans ma vie quotidienne. Je recommande Sylvie et sa bienveillance. Merci\u00a0\u00bb<\/p>\n<\/div><\/div><\/div><\/div><div class='rt-col-md-12 rt-col-sm-12 rt-col-xs-12 even-grid-item tss-grid-item slide-item swiper-slide even-grid-item'><div class=\"single-item-wrapper\"><div class=\"tss-meta-info\"><\/div><h3 class='author-name'>Regula<\/h3><div class=\"item-content-wrapper\"><div class='item-content'><p>\u00ab\u00a0J&rsquo;ai connu Sylvie lors d&rsquo;une pr\u00e9sentation de d\u00e9couverte. J&rsquo;ai r\u00e9alis\u00e9 que mes r\u00e9actions d\u00e9mesur\u00e9es par rapport au &lsquo;mauvais&rsquo; comportement de mon fils et mes sensations d&rsquo;inconfort quand j&rsquo;\u00e9tais en contact avec certaines personnes avait une source plus profonde. J&rsquo;ai fait deux s\u00e9ances vid\u00e9o avec Sylvie et j&rsquo;ai pu appliquer l&rsquo;EFT entre les deux sessions. La situation familiale peu stable\u00a0de mon enfance a laiss\u00e9 des traces inconsciemment\u00a0enregistr\u00e9es dans le corps et sortent \u00e0 l&rsquo;impr\u00e9vu. Apr\u00e8s les deux s\u00e9ances j&rsquo;ai ressenti un meilleur bien-\u00eatre et mon fils m&rsquo;a m\u00eame dit que je le g\u00e9rait beaucoup mieux. Je ne peux que conseiller d&rsquo;essayer cette technique pour se lib\u00e9rer des vieux sch\u00e9mas qui peuvent nous emprisonner dans notre vie actuelle. Merci Sylvie!\u00a0\u00bb<\/p>\n<\/div><\/div><\/div><\/div><div class='rt-col-md-12 rt-col-sm-12 rt-col-xs-12 even-grid-item tss-grid-item slide-item swiper-slide even-grid-item'><div class=\"single-item-wrapper\"><div class=\"tss-meta-info\"><\/div><h3 class='author-name'>Lenke<\/h3><div class=\"item-content-wrapper\"><div class='item-content'><p>\u201cLes s\u00e9ances avec Sylvie m\u2019ont beaucoup aid\u00e9 tant dans ma vie priv\u00e9e que professionnelle. Je peux mieux g\u00e9rer mes \u00e9motions et ma performance a \u00e9t\u00e9 am\u00e9lior\u00e9e, mon \u00e9tat d\u2019esprit est devenu plus stable. Je suis vraiment reconnaissante \u00e0 Sylvie!\u201d<\/p>\n<\/div><\/div><\/div><\/div><\/div><div class=\"swiper-arrow swiper-button-next\"><i class=\"rttss-right-open\"><\/i><\/div><div class=\"swiper-arrow swiper-button-prev\"><i class=\"rttss-left-open\"><\/i><\/div><div class=\"swiper-pagination\"><\/div><\/div><\/div><div class=\"rt-loading-overlay\"><\/div><div class=\"rt-loading rt-ball-clip-rotate\"><div><\/div><\/div><\/div><\/div>\t\t\t\t<\/div>\n\t\t\t\t<\/div>\n\t\t\t\t\t<\/div>\n\t\t<\/div>\n\t\t\t\t\t<\/div>\n\t\t<\/section>\n\t\t\t\t<\/div>\n\t\t","protected":false},"excerpt":{"rendered":"<p>Prendre Rendez-vous EFT-Emotion 1260 Nyon (Vaud), Suisseinfo@eft-emotion.com Consultation adulte : Chf 130,- pour 90 minutesConsultation enfant : Chf 100,- pour 60 minutes S\u00e9ance en ligne, en cabinet ou chez vous dans un rayon de 25 kms.Le rendez-vous sera confirm\u00e9 d\u00e8s r\u00e9ception du paiement. Combien de s\u00e9ances sont-elles n\u00e9cessaires\u00a0?Le nombre de s\u00e9ances d\u00e9pend de la complexit\u00e9 [&hellip;]<\/p>\n","protected":false},"author":1,"featured_media":0,"parent":0,"menu_order":0,"comment_status":"closed","ping_status":"closed","template":"elementor_header_footer","meta":{"_coblocks_attr":"","_coblocks_dimensions":"","_coblocks_responsive_height":"","_coblocks_accordion_ie_support":"","hide_page_title":"","footnotes":""},"class_list":["post-14","page","type-page","status-publish","hentry"],"_links":{"self":[{"href":"https:\/\/eft-emotion.com\/en_gb\/wp-json\/wp\/v2\/pages\/14","targetHints":{"allow":["GET"]}}],"collection":[{"href":"https:\/\/eft-emotion.com\/en_gb\/wp-json\/wp\/v2\/pages"}],"about":[{"href":"https:\/\/eft-emotion.com\/en_gb\/wp-json\/wp\/v2\/types\/page"}],"author":[{"embeddable":true,"href":"https:\/\/eft-emotion.com\/en_gb\/wp-json\/wp\/v2\/users\/1"}],"replies":[{"embeddable":true,"href":"https:\/\/eft-emotion.com\/en_gb\/wp-json\/wp\/v2\/comments?post=14"}],"version-history":[{"count":259,"href":"https:\/\/eft-emotion.com\/en_gb\/wp-json\/wp\/v2\/pages\/14\/revisions"}],"predecessor-version":[{"id":1674,"href":"https:\/\/eft-emotion.com\/en_gb\/wp-json\/wp\/v2\/pages\/14\/revisions\/1674"}],"wp:attachment":[{"href":"https:\/\/eft-emotion.com\/en_gb\/wp-json\/wp\/v2\/media?parent=14"}],"curies":[{"name":"wp","href":"https:\/\/api.w.org\/{rel}","templated":true}]}}