{"id":1497,"date":"2024-05-05T08:35:40","date_gmt":"2024-05-05T08:35:40","guid":{"rendered":"https:\/\/eft-emotion.com\/?page_id=1497"},"modified":"2026-02-08T15:03:32","modified_gmt":"2026-02-08T15:03:32","slug":"evenements","status":"publish","type":"page","link":"https:\/\/eft-emotion.com\/en_gb\/evenements\/","title":{"rendered":"Events"},"content":{"rendered":"<div data-elementor-type=\"wp-page\" data-elementor-id=\"1497\" class=\"elementor elementor-1497\">\n\t\t\t\t\t\t<section class=\"elementor-section elementor-top-section elementor-element elementor-element-2b8c1fe elementor-section-boxed elementor-section-height-default elementor-section-height-default\" data-id=\"2b8c1fe\" data-element_type=\"section\" data-e-type=\"section\">\n\t\t\t\t\t\t<div class=\"elementor-container elementor-column-gap-default\">\n\t\t\t\t\t<div class=\"elementor-column elementor-col-100 elementor-top-column elementor-element elementor-element-14571f4\" data-id=\"14571f4\" data-element_type=\"column\" data-e-type=\"column\">\n\t\t\t<div class=\"elementor-widget-wrap elementor-element-populated\">\n\t\t\t\t\t\t<div class=\"elementor-element elementor-element-c1e52cb elementor-widget elementor-widget-image\" data-id=\"c1e52cb\" data-element_type=\"widget\" data-e-type=\"widget\" data-widget_type=\"image.default\">\n\t\t\t\t<div class=\"elementor-widget-container\">\n\t\t\t\t\t\t\t\t\t\t\t\t\t\t\t<img fetchpriority=\"high\" decoding=\"async\" width=\"278\" height=\"182\" src=\"https:\/\/eft-emotion.com\/wp-content\/uploads\/2022\/11\/images-4-2.jpeg\" class=\"attachment-medium size-medium wp-image-895\" alt=\"\" \/>\t\t\t\t\t\t\t\t\t\t\t\t\t\t\t<\/div>\n\t\t\t\t<\/div>\n\t\t\t\t<div class=\"elementor-element elementor-element-2a0ec47 elementor-widget elementor-widget-heading\" data-id=\"2a0ec47\" data-element_type=\"widget\" data-e-type=\"widget\" data-widget_type=\"heading.default\">\n\t\t\t\t<div class=\"elementor-widget-container\">\n\t\t\t\t\t<h2 class=\"elementor-heading-title elementor-size-default\">Caf\u00e9 Tapotage- 7 f\u00e9vrier<\/h2>\t\t\t\t<\/div>\n\t\t\t\t<\/div>\n\t\t\t\t<div class=\"elementor-element elementor-element-7e67bc7 elementor-widget elementor-widget-image\" data-id=\"7e67bc7\" data-element_type=\"widget\" data-e-type=\"widget\" data-widget_type=\"image.default\">\n\t\t\t\t<div class=\"elementor-widget-container\">\n\t\t\t\t\t\t\t\t\t\t\t\t\t\t\t<img decoding=\"async\" width=\"1000\" height=\"1500\" src=\"https:\/\/eft-emotion.com\/wp-content\/uploads\/2026\/01\/Atelier-EFT-La-colere.jpg\" class=\"attachment-full size-full wp-image-1682\" alt=\"\" srcset=\"https:\/\/eft-emotion.com\/wp-content\/uploads\/2026\/01\/Atelier-EFT-La-colere.jpg 1000w, https:\/\/eft-emotion.com\/wp-content\/uploads\/2026\/01\/Atelier-EFT-La-colere-200x300.jpg 200w, https:\/\/eft-emotion.com\/wp-content\/uploads\/2026\/01\/Atelier-EFT-La-colere-683x1024.jpg 683w, https:\/\/eft-emotion.com\/wp-content\/uploads\/2026\/01\/Atelier-EFT-La-colere-768x1152.jpg 768w, https:\/\/eft-emotion.com\/wp-content\/uploads\/2026\/01\/Atelier-EFT-La-colere-8x12.jpg 8w\" sizes=\"(max-width: 1000px) 100vw, 1000px\" \/>\t\t\t\t\t\t\t\t\t\t\t\t\t\t\t<\/div>\n\t\t\t\t<\/div>\n\t\t\t\t\t<\/div>\n\t\t<\/div>\n\t\t\t\t\t<\/div>\n\t\t<\/section>\n\t\t\t\t<section class=\"elementor-section elementor-top-section elementor-element elementor-element-33a91de elementor-section-boxed elementor-section-height-default elementor-section-height-default\" data-id=\"33a91de\" data-element_type=\"section\" data-e-type=\"section\">\n\t\t\t\t\t\t<div class=\"elementor-container elementor-column-gap-default\">\n\t\t\t\t\t<div class=\"elementor-column elementor-col-100 elementor-top-column elementor-element elementor-element-91cfec3\" data-id=\"91cfec3\" data-element_type=\"column\" data-e-type=\"column\">\n\t\t\t<div class=\"elementor-widget-wrap elementor-element-populated\">\n\t\t\t\t\t\t<div class=\"elementor-element elementor-element-a595f65 elementor-widget elementor-widget-heading\" data-id=\"a595f65\" data-element_type=\"widget\" data-e-type=\"widget\" data-widget_type=\"heading.default\">\n\t\t\t\t<div class=\"elementor-widget-container\">\n\t\t\t\t\t<h2 class=\"elementor-heading-title elementor-size-default\">Salon Artistink -&nbsp;<div>13, 14, 15 f\u00e9vrier<\/div><\/h2>\t\t\t\t<\/div>\n\t\t\t\t<\/div>\n\t\t\t\t\t<\/div>\n\t\t<\/div>\n\t\t\t\t\t<\/div>\n\t\t<\/section>\n\t\t\t\t<section class=\"elementor-section elementor-top-section elementor-element elementor-element-defe014 elementor-section-boxed elementor-section-height-default elementor-section-height-default\" data-id=\"defe014\" data-element_type=\"section\" data-e-type=\"section\">\n\t\t\t\t\t\t<div class=\"elementor-container elementor-column-gap-default\">\n\t\t\t\t\t<div class=\"elementor-column elementor-col-100 elementor-top-column elementor-element elementor-element-e492575\" data-id=\"e492575\" data-element_type=\"column\" data-e-type=\"column\">\n\t\t\t<div class=\"elementor-widget-wrap elementor-element-populated\">\n\t\t\t\t\t\t<div class=\"elementor-element elementor-element-ecb80c8 elementor-widget elementor-widget-text-editor\" data-id=\"ecb80c8\" data-element_type=\"widget\" data-e-type=\"widget\" data-widget_type=\"text-editor.default\">\n\t\t\t\t<div class=\"elementor-widget-container\">\n\t\t\t\t\t\t\t\t\t<p><strong>A la d\u00e9couverte de l&rsquo;EFT-Tapping<\/strong><\/p><ul><li><strong>Apaisez votre stress<\/strong><\/li><li><strong>Retrouvez votre confiance en vous<\/strong><\/li><li><strong>Lib\u00e9rez vos peurs et phobies<\/strong><\/li><li><strong>Soulagez vos douleurs li\u00e9es au stress<\/strong><\/li><\/ul>\t\t\t\t\t\t\t\t<\/div>\n\t\t\t\t<\/div>\n\t\t\t\t\t<\/div>\n\t\t<\/div>\n\t\t\t\t\t<\/div>\n\t\t<\/section>\n\t\t\t\t<section class=\"elementor-section elementor-top-section elementor-element elementor-element-b7843ed elementor-section-boxed elementor-section-height-default elementor-section-height-default\" data-id=\"b7843ed\" data-element_type=\"section\" data-e-type=\"section\">\n\t\t\t\t\t\t<div class=\"elementor-container elementor-column-gap-default\">\n\t\t\t\t\t<div class=\"elementor-column elementor-col-100 elementor-top-column elementor-element elementor-element-5fdcae1\" data-id=\"5fdcae1\" data-element_type=\"column\" data-e-type=\"column\">\n\t\t\t<div class=\"elementor-widget-wrap elementor-element-populated\">\n\t\t\t\t\t\t<div class=\"elementor-element elementor-element-ec6a8d0 elementor-widget elementor-widget-text-editor\" data-id=\"ec6a8d0\" data-element_type=\"widget\" data-e-type=\"widget\" data-widget_type=\"text-editor.default\">\n\t\t\t\t<div class=\"elementor-widget-container\">\n\t\t\t\t\t\t\t\t\t<p><strong>Vendredi 13, Samedi 14 et dimanche 15 f\u00e9vrier&nbsp;<\/strong><\/p>\n<p><strong>Gen\u00e8ve &#8211; Palexpo&nbsp;<\/strong><\/p><p><strong><br><\/strong><\/p>\t\t\t\t\t\t\t\t<\/div>\n\t\t\t\t<\/div>\n\t\t\t\t<div class=\"elementor-element elementor-element-9df8f40 elementor-widget elementor-widget-heading\" data-id=\"9df8f40\" data-element_type=\"widget\" data-e-type=\"widget\" data-widget_type=\"heading.default\">\n\t\t\t\t<div class=\"elementor-widget-container\">\n\t\t\t\t\t<h2 class=\"elementor-heading-title elementor-size-default\">ATELIER D\u00e9couverte EFT<\/h2>\t\t\t\t<\/div>\n\t\t\t\t<\/div>\n\t\t\t\t<div class=\"elementor-element elementor-element-c4f9be4 elementor-widget elementor-widget-text-editor\" data-id=\"c4f9be4\" data-element_type=\"widget\" data-e-type=\"widget\" data-widget_type=\"text-editor.default\">\n\t\t\t\t<div class=\"elementor-widget-container\">\n\t\t\t\t\t\t\t\t\t<p><strong>Dans cet atelier, vous d\u00e9couvrirez comment l\u2019EFT (Emotional Freedom Techniques), une m\u00e9thode de tapping simple et accessible, peut vous aider \u00e0 apaiser rapidement le stress, l\u2019anxi\u00e9t\u00e9, la col\u00e8re ou les tensions corporelles li\u00e9es aux \u00e9motions. \u00c0 travers des explications claires et deux mini-exp\u00e9riences guid\u00e9es, vous apprendrez \u00e0 identifier ce qui vous d\u00e9clenche, \u00e0 diminuer l\u2019intensit\u00e9 \u00e9motionnelle \u201csur le moment\u201d et \u00e0 changer la perception d\u2019\u00e9v\u00e9nements pass\u00e9s pour qu\u2019ils ne vous impactent plus dans le pr\u00e9sent. Vous repartez avec une technique concr\u00e8te, utilisable en autonomie, pour retrouver plus de calme, de clart\u00e9 et de mieux-\u00eatre au quotidien..<\/strong><\/p>\t\t\t\t\t\t\t\t<\/div>\n\t\t\t\t<\/div>\n\t\t\t\t<div class=\"elementor-element elementor-element-8d42e10 elementor-widget elementor-widget-text-editor\" data-id=\"8d42e10\" data-element_type=\"widget\" data-e-type=\"widget\" data-widget_type=\"text-editor.default\">\n\t\t\t\t<div class=\"elementor-widget-container\">\n\t\t\t\t\t\t\t\t\t<p>Centre Th\u00e9rapeutique et Holistique de Cheserex <br \/>(Grands Vignes 1, 1273 Ch\u00e9serex &#8211; Suisse)<\/p><p><strong>Samedi 28 f\u00e9vrier &#8211; de 10h00 \u00e0 12h00<br \/><\/strong><strong style=\"font-size: var(--go--font-size); font-family: var(--go--font-family); letter-spacing: var(--go--letter-spacing,normal);\">Inscriptions sur info@eft-emotion.com<\/strong><\/p>\t\t\t\t\t\t\t\t<\/div>\n\t\t\t\t<\/div>\n\t\t\t\t\t<\/div>\n\t\t<\/div>\n\t\t\t\t\t<\/div>\n\t\t<\/section>\n\t\t\t\t<section class=\"elementor-section elementor-top-section elementor-element elementor-element-45cbdf3 elementor-section-boxed elementor-section-height-default elementor-section-height-default\" data-id=\"45cbdf3\" data-element_type=\"section\" data-e-type=\"section\">\n\t\t\t\t\t\t<div class=\"elementor-container elementor-column-gap-default\">\n\t\t\t\t\t<div class=\"elementor-column elementor-col-100 elementor-top-column elementor-element elementor-element-a2b664c\" data-id=\"a2b664c\" data-element_type=\"column\" data-e-type=\"column\">\n\t\t\t<div class=\"elementor-widget-wrap elementor-element-populated\">\n\t\t\t\t\t\t<div class=\"elementor-element elementor-element-fc33ac9 elementor-widget elementor-widget-heading\" data-id=\"fc33ac9\" data-element_type=\"widget\" data-e-type=\"widget\" data-widget_type=\"heading.default\">\n\t\t\t\t<div class=\"elementor-widget-container\">\n\t\t\t\t\t<h2 class=\"elementor-heading-title elementor-size-default\">Prochaine formation<div>21 et 22 mars<\/div><\/h2>\t\t\t\t<\/div>\n\t\t\t\t<\/div>\n\t\t\t\t\t<\/div>\n\t\t<\/div>\n\t\t\t\t\t<\/div>\n\t\t<\/section>\n\t\t\t\t<section class=\"elementor-section elementor-top-section elementor-element elementor-element-be7ad78 elementor-section-boxed elementor-section-height-default elementor-section-height-default\" data-id=\"be7ad78\" data-element_type=\"section\" data-e-type=\"section\">\n\t\t\t\t\t\t<div class=\"elementor-container elementor-column-gap-default\">\n\t\t\t\t\t<div class=\"elementor-column elementor-col-100 elementor-top-column elementor-element elementor-element-8dd6962\" data-id=\"8dd6962\" data-element_type=\"column\" data-e-type=\"column\">\n\t\t\t<div class=\"elementor-widget-wrap elementor-element-populated\">\n\t\t\t\t\t\t<div class=\"elementor-element elementor-element-6ccbd8b elementor-widget elementor-widget-text-editor\" data-id=\"6ccbd8b\" data-element_type=\"widget\" data-e-type=\"widget\" data-widget_type=\"text-editor.default\">\n\t\t\t\t<div class=\"elementor-widget-container\">\n\t\t\t\t\t\t\t\t\t<p><span style=\"text-decoration: underline;\"><strong>L&rsquo;EFT POUR TOUS<\/strong><\/span><\/p>\t\t\t\t\t\t\t\t<\/div>\n\t\t\t\t<\/div>\n\t\t\t\t\t<\/div>\n\t\t<\/div>\n\t\t\t\t\t<\/div>\n\t\t<\/section>\n\t\t\t\t<section class=\"elementor-section elementor-top-section elementor-element elementor-element-0438306 elementor-section-boxed elementor-section-height-default elementor-section-height-default\" data-id=\"0438306\" data-element_type=\"section\" data-e-type=\"section\">\n\t\t\t\t\t\t<div class=\"elementor-container elementor-column-gap-default\">\n\t\t\t\t\t<div class=\"elementor-column elementor-col-100 elementor-top-column elementor-element elementor-element-2eb4647\" data-id=\"2eb4647\" data-element_type=\"column\" data-e-type=\"column\">\n\t\t\t<div class=\"elementor-widget-wrap elementor-element-populated\">\n\t\t\t\t\t\t<div class=\"elementor-element elementor-element-b12333f elementor-widget elementor-widget-text-editor\" data-id=\"b12333f\" data-element_type=\"widget\" data-e-type=\"widget\" data-widget_type=\"text-editor.default\">\n\t\t\t\t<div class=\"elementor-widget-container\">\n\t\t\t\t\t\t\t\t\t<p><strong>Samedi 21 et dimanche 22 Mars 2026\u00a0<br \/>13h00 &#8211; 18h30 (heure de Paris) &#8211; 7h00 -12h30 (heure de Qu\u00e9bec)<\/strong><\/p>\t\t\t\t\t\t\t\t<\/div>\n\t\t\t\t<\/div>\n\t\t\t\t<div class=\"elementor-element elementor-element-ba8a9d0 elementor-align-center elementor-widget elementor-widget-button\" data-id=\"ba8a9d0\" data-element_type=\"widget\" data-e-type=\"widget\" data-widget_type=\"button.default\">\n\t\t\t\t<div class=\"elementor-widget-container\">\n\t\t\t\t\t\t\t\t\t<div class=\"elementor-button-wrapper\">\n\t\t\t\t\t<a class=\"elementor-button elementor-button-link elementor-size-sm\" href=\"https:\/\/formation.eft-emotion.com\/eftpourtous\" target=\"_blank\">\n\t\t\t\t\t\t<span class=\"elementor-button-content-wrapper\">\n\t\t\t\t\t\t\t\t\t<span class=\"elementor-button-text\">En savoir plus<\/span>\n\t\t\t\t\t<\/span>\n\t\t\t\t\t<\/a>\n\t\t\t\t<\/div>\n\t\t\t\t\t\t\t\t<\/div>\n\t\t\t\t<\/div>\n\t\t\t\t<div class=\"elementor-element elementor-element-c968b79 elementor-widget elementor-widget-text-editor\" data-id=\"c968b79\" data-element_type=\"widget\" data-e-type=\"widget\" data-widget_type=\"text-editor.default\">\n\t\t\t\t<div class=\"elementor-widget-container\">\n\t\t\t\t\t\t\t\t\t<p><strong>inscriptions sur info@eft-emotion.com<\/strong><\/p>\t\t\t\t\t\t\t\t<\/div>\n\t\t\t\t<\/div>\n\t\t\t\t<div class=\"elementor-element elementor-element-7cc77e5 elementor-widget elementor-widget-image\" data-id=\"7cc77e5\" data-element_type=\"widget\" data-e-type=\"widget\" data-widget_type=\"image.default\">\n\t\t\t\t<div class=\"elementor-widget-container\">\n\t\t\t\t\t\t\t\t\t\t\t\t\t\t\t<img decoding=\"async\" width=\"300\" height=\"169\" src=\"https:\/\/eft-emotion.com\/wp-content\/uploads\/2025\/06\/freiheit-bevormundung-kette-himmel-300x169.webp\" class=\"attachment-medium size-medium wp-image-1633\" alt=\"\" srcset=\"https:\/\/eft-emotion.com\/wp-content\/uploads\/2025\/06\/freiheit-bevormundung-kette-himmel-300x169.webp 300w, https:\/\/eft-emotion.com\/wp-content\/uploads\/2025\/06\/freiheit-bevormundung-kette-himmel-1024x576.webp 1024w, https:\/\/eft-emotion.com\/wp-content\/uploads\/2025\/06\/freiheit-bevormundung-kette-himmel-768x432.webp 768w, https:\/\/eft-emotion.com\/wp-content\/uploads\/2025\/06\/freiheit-bevormundung-kette-himmel-1536x864.webp 1536w, https:\/\/eft-emotion.com\/wp-content\/uploads\/2025\/06\/freiheit-bevormundung-kette-himmel-2048x1152.webp 2048w, https:\/\/eft-emotion.com\/wp-content\/uploads\/2025\/06\/freiheit-bevormundung-kette-himmel-18x10.webp 18w\" sizes=\"(max-width: 300px) 100vw, 300px\" \/>\t\t\t\t\t\t\t\t\t\t\t\t\t\t\t<\/div>\n\t\t\t\t<\/div>\n\t\t\t\t\t<\/div>\n\t\t<\/div>\n\t\t\t\t\t<\/div>\n\t\t<\/section>\n\t\t\t\t<\/div>","protected":false},"excerpt":{"rendered":"<p>Caf\u00e9 Tapotage- 7 f\u00e9vrier Salon Artistink &#8211;&nbsp;13, 14, 15 f\u00e9vrier A la d\u00e9couverte de l&rsquo;EFT-Tapping Apaisez votre stress Retrouvez votre confiance en vous Lib\u00e9rez vos peurs et phobies Soulagez vos douleurs li\u00e9es au stress Vendredi 13, Samedi 14 et dimanche 15 f\u00e9vrier&nbsp; Gen\u00e8ve &#8211; Palexpo&nbsp; ATELIER D\u00e9couverte EFT Dans cet atelier, vous d\u00e9couvrirez comment l\u2019EFT [&hellip;]<\/p>\n","protected":false},"author":1,"featured_media":0,"parent":0,"menu_order":0,"comment_status":"closed","ping_status":"closed","template":"","meta":{"_coblocks_attr":"","_coblocks_dimensions":"","_coblocks_responsive_height":"","_coblocks_accordion_ie_support":"","hide_page_title":"","footnotes":""},"class_list":["post-1497","page","type-page","status-publish","hentry"],"_links":{"self":[{"href":"https:\/\/eft-emotion.com\/en_gb\/wp-json\/wp\/v2\/pages\/1497","targetHints":{"allow":["GET"]}}],"collection":[{"href":"https:\/\/eft-emotion.com\/en_gb\/wp-json\/wp\/v2\/pages"}],"about":[{"href":"https:\/\/eft-emotion.com\/en_gb\/wp-json\/wp\/v2\/types\/page"}],"author":[{"embeddable":true,"href":"https:\/\/eft-emotion.com\/en_gb\/wp-json\/wp\/v2\/users\/1"}],"replies":[{"embeddable":true,"href":"https:\/\/eft-emotion.com\/en_gb\/wp-json\/wp\/v2\/comments?post=1497"}],"version-history":[{"count":109,"href":"https:\/\/eft-emotion.com\/en_gb\/wp-json\/wp\/v2\/pages\/1497\/revisions"}],"predecessor-version":[{"id":1695,"href":"https:\/\/eft-emotion.com\/en_gb\/wp-json\/wp\/v2\/pages\/1497\/revisions\/1695"}],"wp:attachment":[{"href":"https:\/\/eft-emotion.com\/en_gb\/wp-json\/wp\/v2\/media?parent=1497"}],"curies":[{"name":"wp","href":"https:\/\/api.w.org\/{rel}","templated":true}]}}