{"id":164,"date":"2022-08-08T12:02:47","date_gmt":"2022-08-08T12:02:47","guid":{"rendered":"https:\/\/eft-emotion.com\/?page_id=164"},"modified":"2022-12-17T10:17:15","modified_gmt":"2022-12-17T10:17:15","slug":"bienfaits-2","status":"publish","type":"page","link":"https:\/\/eft-emotion.com\/en_gb\/bienfaits-2\/","title":{"rendered":"Benefits"},"content":{"rendered":"<div data-elementor-type=\"wp-page\" data-elementor-id=\"164\" class=\"elementor elementor-164\">\n\t\t\t\t\t\t<section class=\"elementor-section elementor-top-section elementor-element elementor-element-c11768b elementor-section-boxed elementor-section-height-default elementor-section-height-default\" data-id=\"c11768b\" data-element_type=\"section\" data-e-type=\"section\">\n\t\t\t\t\t\t<div class=\"elementor-container elementor-column-gap-default\">\n\t\t\t\t\t<div class=\"elementor-column elementor-col-50 elementor-top-column elementor-element elementor-element-82ad256\" data-id=\"82ad256\" data-element_type=\"column\" data-e-type=\"column\">\n\t\t\t<div class=\"elementor-widget-wrap elementor-element-populated\">\n\t\t\t\t\t\t<div class=\"elementor-element elementor-element-48317d8 elementor-widget elementor-widget-heading\" data-id=\"48317d8\" data-element_type=\"widget\" data-e-type=\"widget\" data-widget_type=\"heading.default\">\n\t\t\t\t<div class=\"elementor-widget-container\">\n\t\t\t\t\t<h2 class=\"elementor-heading-title elementor-size-medium\">What can EFT do for you\u00a0?<\/h2>\t\t\t\t<\/div>\n\t\t\t\t<\/div>\n\t\t\t\t<div class=\"elementor-element elementor-element-c27ab54 elementor-widget elementor-widget-text-editor\" data-id=\"c27ab54\" data-element_type=\"widget\" data-e-type=\"widget\" data-widget_type=\"text-editor.default\">\n\t\t\t\t<div class=\"elementor-widget-container\">\n\t\t\t\t\t\t\t\t\t<p>Here are a few problems that EFT has successfully alleviated or completely eliminated\u00a0:<\/p><p class=\"translation-block\">Stress - Anger - Resentment - Anxiety - Depression - Relationship problems - Fears and\nphobias - Physical pain - Grief - Guilt - Shame - Eating disorders - Insomnia - Addictions -\nWeight problems - Regrets - Tinnitus - Post traumatic stress disorder - etc.<\/p><p><strong>EFT first looks for the origin of what caused our current problem and assumes that it is due to an unresolved emotional shock.<\/strong><\/p>\t\t\t\t\t\t\t\t<\/div>\n\t\t\t\t<\/div>\n\t\t\t\t\t<\/div>\n\t\t<\/div>\n\t\t\t\t<div class=\"elementor-column elementor-col-50 elementor-top-column elementor-element elementor-element-7be2716\" data-id=\"7be2716\" data-element_type=\"column\" data-e-type=\"column\">\n\t\t\t<div class=\"elementor-widget-wrap elementor-element-populated\">\n\t\t\t\t\t\t<div class=\"elementor-element elementor-element-a56606b elementor-widget elementor-widget-image\" data-id=\"a56606b\" data-element_type=\"widget\" data-e-type=\"widget\" data-widget_type=\"image.default\">\n\t\t\t\t<div class=\"elementor-widget-container\">\n\t\t\t\t\t\t\t\t\t\t\t\t\t\t\t<img fetchpriority=\"high\" decoding=\"async\" width=\"660\" height=\"880\" src=\"https:\/\/eft-emotion.com\/wp-content\/uploads\/2022\/11\/IMG_0027-768x1024.jpg\" class=\"attachment-medium_large size-medium_large wp-image-1007\" alt=\"\" srcset=\"https:\/\/eft-emotion.com\/wp-content\/uploads\/2022\/11\/IMG_0027-768x1024.jpg 768w, https:\/\/eft-emotion.com\/wp-content\/uploads\/2022\/11\/IMG_0027-225x300.jpg 225w, https:\/\/eft-emotion.com\/wp-content\/uploads\/2022\/11\/IMG_0027-1152x1536.jpg 1152w, https:\/\/eft-emotion.com\/wp-content\/uploads\/2022\/11\/IMG_0027-1536x2048.jpg 1536w, https:\/\/eft-emotion.com\/wp-content\/uploads\/2022\/11\/IMG_0027-9x12.jpg 9w, https:\/\/eft-emotion.com\/wp-content\/uploads\/2022\/11\/IMG_0027-scaled.jpg 1920w\" sizes=\"(max-width: 660px) 100vw, 660px\" \/>\t\t\t\t\t\t\t\t\t\t\t\t\t\t\t<\/div>\n\t\t\t\t<\/div>\n\t\t\t\t\t<\/div>\n\t\t<\/div>\n\t\t\t\t\t<\/div>\n\t\t<\/section>\n\t\t\t\t<section class=\"elementor-section elementor-top-section elementor-element elementor-element-71d229c elementor-section-boxed elementor-section-height-default elementor-section-height-default\" data-id=\"71d229c\" data-element_type=\"section\" data-e-type=\"section\">\n\t\t\t\t\t\t<div class=\"elementor-container elementor-column-gap-default\">\n\t\t\t\t\t<div class=\"elementor-column elementor-col-100 elementor-top-column elementor-element elementor-element-2cf0fe8\" data-id=\"2cf0fe8\" data-element_type=\"column\" data-e-type=\"column\">\n\t\t\t<div class=\"elementor-widget-wrap elementor-element-populated\">\n\t\t\t\t\t\t<div class=\"elementor-element elementor-element-0d8d2ea elementor-widget elementor-widget-spacer\" data-id=\"0d8d2ea\" data-element_type=\"widget\" data-e-type=\"widget\" data-widget_type=\"spacer.default\">\n\t\t\t\t<div class=\"elementor-widget-container\">\n\t\t\t\t\t\t\t<div class=\"elementor-spacer\">\n\t\t\t<div class=\"elementor-spacer-inner\"><\/div>\n\t\t<\/div>\n\t\t\t\t\t\t<\/div>\n\t\t\t\t<\/div>\n\t\t\t\t\t<\/div>\n\t\t<\/div>\n\t\t\t\t\t<\/div>\n\t\t<\/section>\n\t\t\t\t<section class=\"elementor-section elementor-top-section elementor-element elementor-element-c885237 elementor-section-full_width elementor-section-height-default elementor-section-height-default\" data-id=\"c885237\" data-element_type=\"section\" data-e-type=\"section\" data-settings=\"{&quot;background_background&quot;:&quot;classic&quot;}\">\n\t\t\t\t\t\t<div class=\"elementor-container elementor-column-gap-default\">\n\t\t\t\t\t<div class=\"elementor-column elementor-col-50 elementor-top-column elementor-element elementor-element-be753c6\" data-id=\"be753c6\" data-element_type=\"column\" data-e-type=\"column\">\n\t\t\t<div class=\"elementor-widget-wrap\">\n\t\t\t\t\t\t\t<\/div>\n\t\t<\/div>\n\t\t\t\t<div class=\"elementor-column elementor-col-50 elementor-top-column elementor-element elementor-element-cf14692\" data-id=\"cf14692\" data-element_type=\"column\" data-e-type=\"column\">\n\t\t\t<div class=\"elementor-widget-wrap elementor-element-populated\">\n\t\t\t\t\t\t<div class=\"elementor-element elementor-element-5625594 elementor-widget elementor-widget-spacer\" data-id=\"5625594\" data-element_type=\"widget\" data-e-type=\"widget\" data-widget_type=\"spacer.default\">\n\t\t\t\t<div class=\"elementor-widget-container\">\n\t\t\t\t\t\t\t<div class=\"elementor-spacer\">\n\t\t\t<div class=\"elementor-spacer-inner\"><\/div>\n\t\t<\/div>\n\t\t\t\t\t\t<\/div>\n\t\t\t\t<\/div>\n\t\t\t\t<div class=\"elementor-element elementor-element-d1e0932 elementor-widget elementor-widget-text-editor\" data-id=\"d1e0932\" data-element_type=\"widget\" data-e-type=\"widget\" data-widget_type=\"text-editor.default\">\n\t\t\t\t<div class=\"elementor-widget-container\">\n\t\t\t\t\t\t\t\t\t<p>These unresolved problems naturally bring us back to episodes or events in our life. A\ndisturbing event experienced at a given moment will influence all those which follow\nand which are like it.<\/p><p>This is how we end up triggering discomfort.<\/p><p>The objective is to remove all emotional layers from a memory.<\/p><p>We know that EFT has worked when the memory, even if it is still there, no longer\ntriggers a strong emotional reaction.<\/p><p><strong>Our perception of events has changed, EFT has done its job!<\/strong><\/p>\t\t\t\t\t\t\t\t<\/div>\n\t\t\t\t<\/div>\n\t\t\t\t\t<\/div>\n\t\t<\/div>\n\t\t\t\t\t<\/div>\n\t\t<\/section>\n\t\t\t\t<section class=\"elementor-section elementor-top-section elementor-element elementor-element-9a57cee elementor-section-boxed elementor-section-height-default elementor-section-height-default\" data-id=\"9a57cee\" data-element_type=\"section\" data-e-type=\"section\">\n\t\t\t\t\t\t<div class=\"elementor-container elementor-column-gap-default\">\n\t\t\t\t\t<div class=\"elementor-column elementor-col-100 elementor-top-column elementor-element elementor-element-9cfded4\" data-id=\"9cfded4\" data-element_type=\"column\" data-e-type=\"column\">\n\t\t\t<div class=\"elementor-widget-wrap elementor-element-populated\">\n\t\t\t\t\t\t<div class=\"elementor-element elementor-element-7f2c8d6 elementor-widget elementor-widget-spacer\" data-id=\"7f2c8d6\" data-element_type=\"widget\" data-e-type=\"widget\" data-widget_type=\"spacer.default\">\n\t\t\t\t<div class=\"elementor-widget-container\">\n\t\t\t\t\t\t\t<div class=\"elementor-spacer\">\n\t\t\t<div class=\"elementor-spacer-inner\"><\/div>\n\t\t<\/div>\n\t\t\t\t\t\t<\/div>\n\t\t\t\t<\/div>\n\t\t\t\t\t<\/div>\n\t\t<\/div>\n\t\t\t\t\t<\/div>\n\t\t<\/section>\n\t\t\t\t<section class=\"elementor-section elementor-top-section elementor-element elementor-element-df9210d elementor-section-boxed elementor-section-height-default elementor-section-height-default\" data-id=\"df9210d\" data-element_type=\"section\" data-e-type=\"section\">\n\t\t\t\t\t\t<div class=\"elementor-container elementor-column-gap-default\">\n\t\t\t\t\t<div class=\"elementor-column elementor-col-100 elementor-top-column elementor-element elementor-element-e561e60\" data-id=\"e561e60\" data-element_type=\"column\" data-e-type=\"column\">\n\t\t\t<div class=\"elementor-widget-wrap elementor-element-populated\">\n\t\t\t\t\t\t<div class=\"elementor-element elementor-element-6caf529 elementor-alert-warning elementor-widget elementor-widget-alert\" data-id=\"6caf529\" data-element_type=\"widget\" data-e-type=\"widget\" data-widget_type=\"alert.default\">\n\t\t\t\t<div class=\"elementor-widget-container\">\n\t\t\t\t\t\t\t<div class=\"elementor-alert\" role=\"alert\">\n\n\t\t\t\t\t\t<span class=\"elementor-alert-title\">EFT does not replace a visit to your doctor or any medical treatment you are\nundergoing.<\/span>\n\t\t\t\n\t\t\t\n\t\t\t\t\t\t<button type=\"button\" class=\"elementor-alert-dismiss\" aria-label=\"Dismiss this alert.\" data-no-translation-aria-label=\"\">\n\t\t\t\t\t\t\t\t\t<span aria-hidden=\"true\">&times;<\/span>\n\t\t\t\t\t\t\t<\/button>\n\t\t\t\n\t\t<\/div>\n\t\t\t\t\t\t<\/div>\n\t\t\t\t<\/div>\n\t\t\t\t\t<\/div>\n\t\t<\/div>\n\t\t\t\t\t<\/div>\n\t\t<\/section>\n\t\t\t\t<\/div>","protected":false},"excerpt":{"rendered":"<p>Les Bienfaits Voici quelques probl\u00e8mes que l\u2019EFT a r\u00e9ussi \u00e0 am\u00e9liorer ou \u00e0 compl\u00e8tement \u00e9liminer\u00a0: Le stress \u2013 La col\u00e8re &#8211;\u00a0 Le ressentiment &#8211; L\u2019anxi\u00e9t\u00e9 \u2013 La d\u00e9pression -Les probl\u00e8mes relationnels \u2013 Les peurs et les phobies \u2013 Les douleurs physiques \u2013 Le chagrin \u2013 la culpabilit\u00e9 \u2013 La honte \u2013 les troubles alimentaires \u2013 [&hellip;]<\/p>\n","protected":false},"author":1,"featured_media":0,"parent":0,"menu_order":0,"comment_status":"closed","ping_status":"closed","template":"elementor_header_footer","meta":{"_coblocks_attr":"","_coblocks_dimensions":"","_coblocks_responsive_height":"","_coblocks_accordion_ie_support":"","hide_page_title":"","footnotes":""},"class_list":["post-164","page","type-page","status-publish","hentry"],"_links":{"self":[{"href":"https:\/\/eft-emotion.com\/en_gb\/wp-json\/wp\/v2\/pages\/164","targetHints":{"allow":["GET"]}}],"collection":[{"href":"https:\/\/eft-emotion.com\/en_gb\/wp-json\/wp\/v2\/pages"}],"about":[{"href":"https:\/\/eft-emotion.com\/en_gb\/wp-json\/wp\/v2\/types\/page"}],"author":[{"embeddable":true,"href":"https:\/\/eft-emotion.com\/en_gb\/wp-json\/wp\/v2\/users\/1"}],"replies":[{"embeddable":true,"href":"https:\/\/eft-emotion.com\/en_gb\/wp-json\/wp\/v2\/comments?post=164"}],"version-history":[{"count":108,"href":"https:\/\/eft-emotion.com\/en_gb\/wp-json\/wp\/v2\/pages\/164\/revisions"}],"predecessor-version":[{"id":1396,"href":"https:\/\/eft-emotion.com\/en_gb\/wp-json\/wp\/v2\/pages\/164\/revisions\/1396"}],"wp:attachment":[{"href":"https:\/\/eft-emotion.com\/en_gb\/wp-json\/wp\/v2\/media?parent=164"}],"curies":[{"name":"wp","href":"https:\/\/api.w.org\/{rel}","templated":true}]}}