{"id":165,"date":"2022-08-08T12:02:47","date_gmt":"2022-08-08T12:02:47","guid":{"rendered":"https:\/\/eft-emotion.com\/?page_id=165"},"modified":"2022-12-17T10:17:33","modified_gmt":"2022-12-17T10:17:33","slug":"comment-ca-marche","status":"publish","type":"page","link":"https:\/\/eft-emotion.com\/en_gb\/comment-ca-marche\/","title":{"rendered":"How does it work\u00a0?"},"content":{"rendered":"<div data-elementor-type=\"wp-page\" data-elementor-id=\"165\" class=\"elementor elementor-165\">\n\t\t\t\t\t\t<section class=\"elementor-section elementor-top-section elementor-element elementor-element-88fd400 elementor-section-boxed elementor-section-height-default elementor-section-height-default\" data-id=\"88fd400\" data-element_type=\"section\" data-e-type=\"section\">\n\t\t\t\t\t\t<div class=\"elementor-container elementor-column-gap-default\">\n\t\t\t\t\t<div class=\"elementor-column elementor-col-100 elementor-top-column elementor-element elementor-element-cab1caa\" data-id=\"cab1caa\" data-element_type=\"column\" data-e-type=\"column\">\n\t\t\t<div class=\"elementor-widget-wrap\">\n\t\t\t\t\t\t\t<\/div>\n\t\t<\/div>\n\t\t\t\t\t<\/div>\n\t\t<\/section>\n\t\t\t\t<section class=\"elementor-section elementor-top-section elementor-element elementor-element-778ca30 elementor-section-full_width elementor-section-height-default elementor-section-height-default\" data-id=\"778ca30\" data-element_type=\"section\" data-e-type=\"section\" data-settings=\"{&quot;background_background&quot;:&quot;classic&quot;}\">\n\t\t\t\t\t\t<div class=\"elementor-container elementor-column-gap-no\">\n\t\t\t\t\t<div class=\"elementor-column elementor-col-50 elementor-top-column elementor-element elementor-element-87c1d9c\" data-id=\"87c1d9c\" data-element_type=\"column\" data-e-type=\"column\">\n\t\t\t<div class=\"elementor-widget-wrap elementor-element-populated\">\n\t\t\t\t\t\t<div class=\"elementor-element elementor-element-6402ad7 elementor-widget elementor-widget-spacer\" data-id=\"6402ad7\" data-element_type=\"widget\" data-e-type=\"widget\" data-widget_type=\"spacer.default\">\n\t\t\t\t<div class=\"elementor-widget-container\">\n\t\t\t\t\t\t\t<div class=\"elementor-spacer\">\n\t\t\t<div class=\"elementor-spacer-inner\"><\/div>\n\t\t<\/div>\n\t\t\t\t\t\t<\/div>\n\t\t\t\t<\/div>\n\t\t\t\t<div class=\"elementor-element elementor-element-1e96e95 elementor-widget elementor-widget-image\" data-id=\"1e96e95\" data-element_type=\"widget\" data-e-type=\"widget\" data-widget_type=\"image.default\">\n\t\t\t\t<div class=\"elementor-widget-container\">\n\t\t\t\t\t\t\t\t\t\t\t\t\t\t\t<img fetchpriority=\"high\" decoding=\"async\" width=\"262\" height=\"478\" src=\"https:\/\/eft-emotion.com\/wp-content\/uploads\/2022\/12\/Energy-Tapping-Points-EFT.gif\" class=\"attachment-large size-large wp-image-125\" alt=\"\" sizes=\"(max-width: 262px) 100vw, 262px\" \/>\t\t\t\t\t\t\t\t\t\t\t\t\t\t\t<\/div>\n\t\t\t\t<\/div>\n\t\t\t\t\t<\/div>\n\t\t<\/div>\n\t\t\t\t<div class=\"elementor-column elementor-col-50 elementor-top-column elementor-element elementor-element-909ec87\" data-id=\"909ec87\" data-element_type=\"column\" data-e-type=\"column\">\n\t\t\t<div class=\"elementor-widget-wrap elementor-element-populated\">\n\t\t\t\t\t\t<div class=\"elementor-element elementor-element-ed38d45 elementor-widget elementor-widget-spacer\" data-id=\"ed38d45\" data-element_type=\"widget\" data-e-type=\"widget\" data-widget_type=\"spacer.default\">\n\t\t\t\t<div class=\"elementor-widget-container\">\n\t\t\t\t\t\t\t<div class=\"elementor-spacer\">\n\t\t\t<div class=\"elementor-spacer-inner\"><\/div>\n\t\t<\/div>\n\t\t\t\t\t\t<\/div>\n\t\t\t\t<\/div>\n\t\t\t\t<div class=\"elementor-element elementor-element-956d11f elementor-widget elementor-widget-heading\" data-id=\"956d11f\" data-element_type=\"widget\" data-e-type=\"widget\" data-widget_type=\"heading.default\">\n\t\t\t\t<div class=\"elementor-widget-container\">\n\t\t\t\t\t<h2 class=\"elementor-heading-title elementor-size-medium\">How does it work\u00a0?<\/h2>\t\t\t\t<\/div>\n\t\t\t\t<\/div>\n\t\t\t\t<div class=\"elementor-element elementor-element-549b16b elementor-widget elementor-widget-text-editor\" data-id=\"549b16b\" data-element_type=\"widget\" data-e-type=\"widget\" data-widget_type=\"text-editor.default\">\n\t\t\t\t<div class=\"elementor-widget-container\">\n\t\t\t\t\t\t\t\t\t<p><strong>EFT uses a protocol and a simple implementation procedure:<br \/><\/strong><span style=\"font-size: var(--go--font-size); color: var(--go--color--text); font-family: var(--go--font-family); letter-spacing: var(--go--letter-spacing,normal);\">Under the guidance and with his\/her support, the EFT practitioner will help you to:<\/span><\/p><p>a) Mentally connecting to a specific issue charged with emotion(s).<\/p><p>b)Rate the intensity on a scale from 0 to 10  (10 being the worse)<\/p><p>c) Combine this specific problem with a positive affirmation of self-acceptance. For example : \"Even though I have this (problem, fear, pain..) I accept myself deeply and completely.\"<\/p><p>d) Stimulate by tapping with your fingertips certain specific meridian points located on the upper body while repeating a shortened version of the problem (see diagram).<\/p><p>e) Rate the intensity again<\/p>\t\t\t\t\t\t\t\t<\/div>\n\t\t\t\t<\/div>\n\t\t\t\t\t<\/div>\n\t\t<\/div>\n\t\t\t\t\t<\/div>\n\t\t<\/section>\n\t\t\t\t<section class=\"elementor-section elementor-top-section elementor-element elementor-element-eaecf25 elementor-section-boxed elementor-section-height-default elementor-section-height-default\" data-id=\"eaecf25\" data-element_type=\"section\" data-e-type=\"section\">\n\t\t\t\t\t\t<div class=\"elementor-container elementor-column-gap-default\">\n\t\t\t\t\t<div class=\"elementor-column elementor-col-100 elementor-top-column elementor-element elementor-element-2de2e52\" data-id=\"2de2e52\" data-element_type=\"column\" data-e-type=\"column\">\n\t\t\t<div class=\"elementor-widget-wrap elementor-element-populated\">\n\t\t\t\t\t\t<div class=\"elementor-element elementor-element-51a8c5f elementor-widget elementor-widget-spacer\" data-id=\"51a8c5f\" data-element_type=\"widget\" data-e-type=\"widget\" data-widget_type=\"spacer.default\">\n\t\t\t\t<div class=\"elementor-widget-container\">\n\t\t\t\t\t\t\t<div class=\"elementor-spacer\">\n\t\t\t<div class=\"elementor-spacer-inner\"><\/div>\n\t\t<\/div>\n\t\t\t\t\t\t<\/div>\n\t\t\t\t<\/div>\n\t\t\t\t\t<\/div>\n\t\t<\/div>\n\t\t\t\t\t<\/div>\n\t\t<\/section>\n\t\t\t\t<section class=\"elementor-section elementor-top-section elementor-element elementor-element-b704573 elementor-section-full_width elementor-section-height-default elementor-section-height-default\" data-id=\"b704573\" data-element_type=\"section\" data-e-type=\"section\" data-settings=\"{&quot;background_background&quot;:&quot;classic&quot;}\">\n\t\t\t\t\t\t<div class=\"elementor-container elementor-column-gap-no\">\n\t\t\t\t\t<div class=\"elementor-column elementor-col-50 elementor-top-column elementor-element elementor-element-64d309c\" data-id=\"64d309c\" data-element_type=\"column\" data-e-type=\"column\">\n\t\t\t<div class=\"elementor-widget-wrap elementor-element-populated\">\n\t\t\t\t\t\t<div class=\"elementor-element elementor-element-43ff55c elementor-widget elementor-widget-text-editor\" data-id=\"43ff55c\" data-element_type=\"widget\" data-e-type=\"widget\" data-widget_type=\"text-editor.default\">\n\t\t\t\t<div class=\"elementor-widget-container\">\n\t\t\t\t\t\t\t\t\t<p>Acupressure (tapping) has been scientifically proven to send signals directly to the brain\nand these stimulations regulate the fear and stress responses.<\/p><p>\u00a0EFT helps to eliminate the stressful response our body has to a memory that bothers us.<\/p><p>Tapping helps access your body's energy and ultimately restore balance by neutralizing its negative effects on our mental and physical well-being.<\/p><p>By breaking this conditioned reaction, the memory no longer triggers the disturbing,\nstress-laden emotion that our brain carries.<\/p><p>Tapping signals to the body that we are safe. The nervous system no longer associates memory with stress.<\/p>\t\t\t\t\t\t\t\t<\/div>\n\t\t\t\t<\/div>\n\t\t\t\t\t<\/div>\n\t\t<\/div>\n\t\t\t\t<div class=\"elementor-column elementor-col-50 elementor-top-column elementor-element elementor-element-c9e62ff\" data-id=\"c9e62ff\" data-element_type=\"column\" data-e-type=\"column\">\n\t\t\t<div class=\"elementor-widget-wrap elementor-element-populated\">\n\t\t\t\t\t\t<div class=\"elementor-element elementor-element-9ddcb9f elementor-widget elementor-widget-spacer\" data-id=\"9ddcb9f\" data-element_type=\"widget\" data-e-type=\"widget\" data-widget_type=\"spacer.default\">\n\t\t\t\t<div class=\"elementor-widget-container\">\n\t\t\t\t\t\t\t<div class=\"elementor-spacer\">\n\t\t\t<div class=\"elementor-spacer-inner\"><\/div>\n\t\t<\/div>\n\t\t\t\t\t\t<\/div>\n\t\t\t\t<\/div>\n\t\t\t\t<div class=\"elementor-element elementor-element-91eeddc elementor-widget elementor-widget-image\" data-id=\"91eeddc\" data-element_type=\"widget\" data-e-type=\"widget\" data-widget_type=\"image.default\">\n\t\t\t\t<div class=\"elementor-widget-container\">\n\t\t\t\t\t\t\t\t\t\t\t\t\t\t\t<img decoding=\"async\" width=\"614\" height=\"450\" src=\"https:\/\/eft-emotion.com\/wp-content\/uploads\/2022\/10\/tapping-puntos-3ID.614-1.jpg\" class=\"attachment-large size-large wp-image-628\" alt=\"\" srcset=\"https:\/\/eft-emotion.com\/wp-content\/uploads\/2022\/10\/tapping-puntos-3ID.614-1.jpg 614w, https:\/\/eft-emotion.com\/wp-content\/uploads\/2022\/10\/tapping-puntos-3ID.614-1-300x220.jpg 300w\" sizes=\"(max-width: 614px) 100vw, 614px\" \/>\t\t\t\t\t\t\t\t\t\t\t\t\t\t\t<\/div>\n\t\t\t\t<\/div>\n\t\t\t\t\t<\/div>\n\t\t<\/div>\n\t\t\t\t\t<\/div>\n\t\t<\/section>\n\t\t\t\t<section class=\"elementor-section elementor-top-section elementor-element elementor-element-a2c27bc elementor-section-boxed elementor-section-height-default elementor-section-height-default\" data-id=\"a2c27bc\" data-element_type=\"section\" data-e-type=\"section\">\n\t\t\t\t\t\t<div class=\"elementor-container elementor-column-gap-default\">\n\t\t\t\t\t<div class=\"elementor-column elementor-col-100 elementor-top-column elementor-element elementor-element-85f4674\" data-id=\"85f4674\" data-element_type=\"column\" data-e-type=\"column\">\n\t\t\t<div class=\"elementor-widget-wrap elementor-element-populated\">\n\t\t\t\t\t\t<div class=\"elementor-element elementor-element-182e2c7 elementor-widget elementor-widget-spacer\" data-id=\"182e2c7\" data-element_type=\"widget\" data-e-type=\"widget\" data-widget_type=\"spacer.default\">\n\t\t\t\t<div class=\"elementor-widget-container\">\n\t\t\t\t\t\t\t<div class=\"elementor-spacer\">\n\t\t\t<div class=\"elementor-spacer-inner\"><\/div>\n\t\t<\/div>\n\t\t\t\t\t\t<\/div>\n\t\t\t\t<\/div>\n\t\t\t\t\t<\/div>\n\t\t<\/div>\n\t\t\t\t\t<\/div>\n\t\t<\/section>\n\t\t\t\t<\/div>","protected":false},"excerpt":{"rendered":"<p>Comment \u00e7a marche? L\u2019EFT utilise un protocole et une proc\u00e9dure simple.Sous la conduite et avec son aide, le praticien EFT vous aidera \u00e0 : a) Identifier un probl\u00e8me pr\u00e9cis charg\u00e9 d\u2019\u00e9motion(s) et \u00e0 vous connecter \u00e0 ce dernier. b) D\u00e9terminer l&rsquo;intensit\u00e9 du probl\u00e8me entre 0 et 10 (10 \u00e9tant la plus haute). c) Combiner ce [&hellip;]<\/p>\n","protected":false},"author":1,"featured_media":0,"parent":0,"menu_order":0,"comment_status":"closed","ping_status":"closed","template":"elementor_header_footer","meta":{"_coblocks_attr":"","_coblocks_dimensions":"","_coblocks_responsive_height":"","_coblocks_accordion_ie_support":"","hide_page_title":"","footnotes":""},"class_list":["post-165","page","type-page","status-publish","hentry"],"_links":{"self":[{"href":"https:\/\/eft-emotion.com\/en_gb\/wp-json\/wp\/v2\/pages\/165","targetHints":{"allow":["GET"]}}],"collection":[{"href":"https:\/\/eft-emotion.com\/en_gb\/wp-json\/wp\/v2\/pages"}],"about":[{"href":"https:\/\/eft-emotion.com\/en_gb\/wp-json\/wp\/v2\/types\/page"}],"author":[{"embeddable":true,"href":"https:\/\/eft-emotion.com\/en_gb\/wp-json\/wp\/v2\/users\/1"}],"replies":[{"embeddable":true,"href":"https:\/\/eft-emotion.com\/en_gb\/wp-json\/wp\/v2\/comments?post=165"}],"version-history":[{"count":115,"href":"https:\/\/eft-emotion.com\/en_gb\/wp-json\/wp\/v2\/pages\/165\/revisions"}],"predecessor-version":[{"id":1401,"href":"https:\/\/eft-emotion.com\/en_gb\/wp-json\/wp\/v2\/pages\/165\/revisions\/1401"}],"wp:attachment":[{"href":"https:\/\/eft-emotion.com\/en_gb\/wp-json\/wp\/v2\/media?parent=165"}],"curies":[{"name":"wp","href":"https:\/\/api.w.org\/{rel}","templated":true}]}}