{"id":290,"date":"2022-09-02T12:46:59","date_gmt":"2022-09-02T12:46:59","guid":{"rendered":"https:\/\/eft-emotion.com\/?page_id=290"},"modified":"2026-04-14T18:31:49","modified_gmt":"2026-04-14T18:31:49","slug":"acceuil","status":"publish","type":"page","link":"https:\/\/eft-emotion.com\/en_gb\/","title":{"rendered":"Home"},"content":{"rendered":"<div data-elementor-type=\"wp-page\" data-elementor-id=\"290\" class=\"elementor elementor-290\">\n\t\t\t\t\t\t<section class=\"elementor-section elementor-top-section elementor-element elementor-element-c2fa4a1 elementor-section-boxed elementor-section-height-default elementor-section-height-default\" data-id=\"c2fa4a1\" data-element_type=\"section\" data-e-type=\"section\">\n\t\t\t\t\t\t<div class=\"elementor-container elementor-column-gap-default\">\n\t\t\t\t\t<div class=\"elementor-column elementor-col-100 elementor-top-column elementor-element elementor-element-6b55d08\" data-id=\"6b55d08\" data-element_type=\"column\" data-e-type=\"column\">\n\t\t\t<div class=\"elementor-widget-wrap\">\n\t\t\t\t\t\t\t<\/div>\n\t\t<\/div>\n\t\t\t\t\t<\/div>\n\t\t<\/section>\n\t\t\t\t<section class=\"elementor-section elementor-top-section elementor-element elementor-element-d06d92e elementor-section-boxed elementor-section-height-default elementor-section-height-default\" data-id=\"d06d92e\" data-element_type=\"section\" data-e-type=\"section\">\n\t\t\t\t\t\t<div class=\"elementor-container elementor-column-gap-default\">\n\t\t\t\t\t<div class=\"elementor-column elementor-col-100 elementor-top-column elementor-element elementor-element-10d4a86\" data-id=\"10d4a86\" data-element_type=\"column\" data-e-type=\"column\">\n\t\t\t<div class=\"elementor-widget-wrap elementor-element-populated\">\n\t\t\t\t\t\t<div class=\"elementor-element elementor-element-d57ddef elementor-widget elementor-widget-spacer\" data-id=\"d57ddef\" data-element_type=\"widget\" data-e-type=\"widget\" data-widget_type=\"spacer.default\">\n\t\t\t\t<div class=\"elementor-widget-container\">\n\t\t\t\t\t\t\t<div class=\"elementor-spacer\">\n\t\t\t<div class=\"elementor-spacer-inner\"><\/div>\n\t\t<\/div>\n\t\t\t\t\t\t<\/div>\n\t\t\t\t<\/div>\n\t\t\t\t\t<\/div>\n\t\t<\/div>\n\t\t\t\t\t<\/div>\n\t\t<\/section>\n\t\t\t\t<section class=\"elementor-section elementor-top-section elementor-element elementor-element-3660ee9 elementor-section-full_width elementor-section-height-default elementor-section-height-default\" data-id=\"3660ee9\" data-element_type=\"section\" data-e-type=\"section\">\n\t\t\t\t\t\t<div class=\"elementor-container elementor-column-gap-default\">\n\t\t\t\t\t<div class=\"elementor-column elementor-col-50 elementor-top-column elementor-element elementor-element-109c1ea\" data-id=\"109c1ea\" data-element_type=\"column\" data-e-type=\"column\">\n\t\t\t<div class=\"elementor-widget-wrap elementor-element-populated\">\n\t\t\t\t\t\t<div class=\"elementor-element elementor-element-d5c1070 elementor-position-top elementor-widget elementor-widget-image-box\" data-id=\"d5c1070\" data-element_type=\"widget\" data-e-type=\"widget\" data-widget_type=\"image-box.default\">\n\t\t\t\t<div class=\"elementor-widget-container\">\n\t\t\t\t\t<div class=\"elementor-image-box-wrapper\"><figure class=\"elementor-image-box-img\"><a href=\"https:\/\/gjx.512.myftpupload.com\/qui-suis-je\/\" tabindex=\"-1\"><img fetchpriority=\"high\" decoding=\"async\" width=\"1024\" height=\"1536\" src=\"https:\/\/eft-emotion.com\/wp-content\/uploads\/2026\/04\/Portrait-dune-femme-souriante-2.png\" class=\"elementor-animation-grow attachment-full size-full wp-image-1703\" alt=\"\" srcset=\"https:\/\/eft-emotion.com\/wp-content\/uploads\/2026\/04\/Portrait-dune-femme-souriante-2.png 1024w, https:\/\/eft-emotion.com\/wp-content\/uploads\/2026\/04\/Portrait-dune-femme-souriante-2-200x300.png 200w, https:\/\/eft-emotion.com\/wp-content\/uploads\/2026\/04\/Portrait-dune-femme-souriante-2-683x1024.png 683w, https:\/\/eft-emotion.com\/wp-content\/uploads\/2026\/04\/Portrait-dune-femme-souriante-2-768x1152.png 768w, https:\/\/eft-emotion.com\/wp-content\/uploads\/2026\/04\/Portrait-dune-femme-souriante-2-8x12.png 8w\" sizes=\"(max-width: 1024px) 100vw, 1024px\" \/><\/a><\/figure><div class=\"elementor-image-box-content\"><h3 class=\"elementor-image-box-title\"><a href=\"https:\/\/gjx.512.myftpupload.com\/qui-suis-je\/\">Who Am I\u00a0?  <\/a><\/h3><p class=\"elementor-image-box-description\">Sylvie Coin<\/br> EFT Practitioner<\/p><\/div><\/div>\t\t\t\t<\/div>\n\t\t\t\t<\/div>\n\t\t\t\t\t<\/div>\n\t\t<\/div>\n\t\t\t\t<div class=\"elementor-column elementor-col-50 elementor-top-column elementor-element elementor-element-d8f7c3f\" data-id=\"d8f7c3f\" data-element_type=\"column\" data-e-type=\"column\">\n\t\t\t<div class=\"elementor-widget-wrap elementor-element-populated\">\n\t\t\t\t\t\t<div class=\"elementor-element elementor-element-174c70a elementor-widget elementor-widget-image\" data-id=\"174c70a\" data-element_type=\"widget\" data-e-type=\"widget\" data-widget_type=\"image.default\">\n\t\t\t\t<div class=\"elementor-widget-container\">\n\t\t\t\t\t\t\t\t\t\t\t\t\t\t\t<img decoding=\"async\" width=\"1048\" height=\"240\" src=\"https:\/\/eft-emotion.com\/wp-content\/uploads\/2022\/10\/240_F_355882063_q5WlEVWMozF5rGlnWCepxGN62mmvDeCt.jpg\" class=\"attachment-full size-full wp-image-657\" alt=\"\" srcset=\"https:\/\/eft-emotion.com\/wp-content\/uploads\/2022\/10\/240_F_355882063_q5WlEVWMozF5rGlnWCepxGN62mmvDeCt.jpg 1048w, https:\/\/eft-emotion.com\/wp-content\/uploads\/2022\/10\/240_F_355882063_q5WlEVWMozF5rGlnWCepxGN62mmvDeCt-300x69.jpg 300w, https:\/\/eft-emotion.com\/wp-content\/uploads\/2022\/10\/240_F_355882063_q5WlEVWMozF5rGlnWCepxGN62mmvDeCt-1024x235.jpg 1024w, https:\/\/eft-emotion.com\/wp-content\/uploads\/2022\/10\/240_F_355882063_q5WlEVWMozF5rGlnWCepxGN62mmvDeCt-768x176.jpg 768w\" sizes=\"(max-width: 1048px) 100vw, 1048px\" \/>\t\t\t\t\t\t\t\t\t\t\t\t\t\t\t<\/div>\n\t\t\t\t<\/div>\n\t\t\t\t<div class=\"elementor-element elementor-element-2784fc1 elementor-widget elementor-widget-text-editor\" data-id=\"2784fc1\" data-element_type=\"widget\" data-e-type=\"widget\" data-widget_type=\"text-editor.default\">\n\t\t\t\t<div class=\"elementor-widget-container\">\n\t\t\t\t\t\t\t\t\t<p><strong>WELCOME to EFT-Emotion<\/strong><\/p>\t\t\t\t\t\t\t\t<\/div>\n\t\t\t\t<\/div>\n\t\t\t\t<div class=\"elementor-element elementor-element-6579c55 elementor-invisible elementor-widget elementor-widget-text-editor\" data-id=\"6579c55\" data-element_type=\"widget\" data-e-type=\"widget\" data-settings=\"{&quot;_animation&quot;:&quot;fadeIn&quot;,&quot;_animation_delay&quot;:1}\" data-widget_type=\"text-editor.default\">\n\t\t\t\t<div class=\"elementor-widget-container\">\n\t\t\t\t\t\t\t\t\t<p><strong>If you want to free yourself from your physical and emotional pain, you have come to the right place<\/strong><\/p><p class=\"translation-block\">\u00ab\u00a0The greatest secret of happiness is to be happy with yourself\u00a0\u00bb<br>Socrates<\/p>\t\t\t\t\t\t\t\t<\/div>\n\t\t\t\t<\/div>\n\t\t\t\t\t<\/div>\n\t\t<\/div>\n\t\t\t\t\t<\/div>\n\t\t<\/section>\n\t\t\t\t<section class=\"elementor-section elementor-top-section elementor-element elementor-element-269f4f9 elementor-section-full_width elementor-section-height-default elementor-section-height-default\" data-id=\"269f4f9\" data-element_type=\"section\" data-e-type=\"section\" data-settings=\"{&quot;background_background&quot;:&quot;classic&quot;}\">\n\t\t\t\t\t\t<div class=\"elementor-container elementor-column-gap-default\">\n\t\t\t\t\t<div class=\"elementor-column elementor-col-100 elementor-top-column elementor-element elementor-element-5c064a6\" data-id=\"5c064a6\" data-element_type=\"column\" data-e-type=\"column\">\n\t\t\t<div class=\"elementor-widget-wrap elementor-element-populated\">\n\t\t\t\t\t\t<div class=\"elementor-element elementor-element-3b9e6e8 elementor-widget elementor-widget-spacer\" data-id=\"3b9e6e8\" data-element_type=\"widget\" data-e-type=\"widget\" data-widget_type=\"spacer.default\">\n\t\t\t\t<div class=\"elementor-widget-container\">\n\t\t\t\t\t\t\t<div class=\"elementor-spacer\">\n\t\t\t<div class=\"elementor-spacer-inner\"><\/div>\n\t\t<\/div>\n\t\t\t\t\t\t<\/div>\n\t\t\t\t<\/div>\n\t\t\t\t\t<\/div>\n\t\t<\/div>\n\t\t\t\t\t<\/div>\n\t\t<\/section>\n\t\t\t\t<section class=\"elementor-section elementor-top-section elementor-element elementor-element-b54e5d8 elementor-section-full_width elementor-section-height-default elementor-section-height-default\" data-id=\"b54e5d8\" data-element_type=\"section\" data-e-type=\"section\" data-settings=\"{&quot;background_background&quot;:&quot;classic&quot;}\">\n\t\t\t\t\t\t<div class=\"elementor-container elementor-column-gap-default\">\n\t\t\t\t\t<div class=\"elementor-column elementor-col-16 elementor-top-column elementor-element elementor-element-e5c9b16\" data-id=\"e5c9b16\" data-element_type=\"column\" data-e-type=\"column\">\n\t\t\t<div class=\"elementor-widget-wrap elementor-element-populated\">\n\t\t\t\t\t\t<div class=\"elementor-element elementor-element-5eca78a elementor-widget__width-auto elementor-position-top elementor-widget elementor-widget-image-box\" data-id=\"5eca78a\" data-element_type=\"widget\" data-e-type=\"widget\" data-widget_type=\"image-box.default\">\n\t\t\t\t<div class=\"elementor-widget-container\">\n\t\t\t\t\t<div class=\"elementor-image-box-wrapper\"><figure class=\"elementor-image-box-img\"><a href=\"https:\/\/gjx.512.myftpupload.com\/quest-ce-que-cest\/\" tabindex=\"-1\"><img decoding=\"async\" width=\"150\" height=\"150\" src=\"https:\/\/eft-emotion.com\/wp-content\/uploads\/2022\/10\/pierres-zen-empilees-art-fond-sable-du-concept-equilibre_53876-124307-150x150.jpg\" class=\"elementor-animation-grow attachment-thumbnail size-thumbnail wp-image-653\" alt=\"\" \/><\/a><\/figure><div class=\"elementor-image-box-content\"><h3 class=\"elementor-image-box-title\"><a href=\"https:\/\/gjx.512.myftpupload.com\/quest-ce-que-cest\/\">About EFT<\/a><\/h3><\/div><\/div>\t\t\t\t<\/div>\n\t\t\t\t<\/div>\n\t\t\t\t\t<\/div>\n\t\t<\/div>\n\t\t\t\t<div class=\"elementor-column elementor-col-16 elementor-top-column elementor-element elementor-element-dc8a35d\" data-id=\"dc8a35d\" data-element_type=\"column\" data-e-type=\"column\">\n\t\t\t<div class=\"elementor-widget-wrap elementor-element-populated\">\n\t\t\t\t\t\t<div class=\"elementor-element elementor-element-f1b6840 elementor-widget__width-auto elementor-position-top elementor-widget elementor-widget-image-box\" data-id=\"f1b6840\" data-element_type=\"widget\" data-e-type=\"widget\" data-widget_type=\"image-box.default\">\n\t\t\t\t<div class=\"elementor-widget-container\">\n\t\t\t\t\t<div class=\"elementor-image-box-wrapper\"><figure class=\"elementor-image-box-img\"><a href=\"https:\/\/gjx.512.myftpupload.com\/comment-ca-marche\/\" tabindex=\"-1\"><img loading=\"lazy\" decoding=\"async\" width=\"150\" height=\"150\" src=\"https:\/\/eft-emotion.com\/wp-content\/uploads\/2022\/10\/tapping-puntos-3ID.614-1-150x150.jpg\" class=\"elementor-animation-grow attachment-thumbnail size-thumbnail wp-image-628\" alt=\"\" \/><\/a><\/figure><div class=\"elementor-image-box-content\"><h3 class=\"elementor-image-box-title\"><a href=\"https:\/\/gjx.512.myftpupload.com\/comment-ca-marche\/\">How does EFT work\u00a0?<\/a><\/h3><\/div><\/div>\t\t\t\t<\/div>\n\t\t\t\t<\/div>\n\t\t\t\t\t<\/div>\n\t\t<\/div>\n\t\t\t\t<div class=\"elementor-column elementor-col-16 elementor-top-column elementor-element elementor-element-abc4865\" data-id=\"abc4865\" data-element_type=\"column\" data-e-type=\"column\">\n\t\t\t<div class=\"elementor-widget-wrap elementor-element-populated\">\n\t\t\t\t\t\t<div class=\"elementor-element elementor-element-f53c5ee elementor-position-top elementor-widget elementor-widget-image-box\" data-id=\"f53c5ee\" data-element_type=\"widget\" data-e-type=\"widget\" data-widget_type=\"image-box.default\">\n\t\t\t\t<div class=\"elementor-widget-container\">\n\t\t\t\t\t<div class=\"elementor-image-box-wrapper\"><figure class=\"elementor-image-box-img\"><a href=\"https:\/\/gjx.512.myftpupload.com\/bienfaits-2\/\" tabindex=\"-1\"><img loading=\"lazy\" decoding=\"async\" width=\"150\" height=\"150\" src=\"https:\/\/eft-emotion.com\/wp-content\/uploads\/2022\/11\/IMG_0027-150x150.jpg\" class=\"elementor-animation-grow attachment-thumbnail size-thumbnail wp-image-1007\" alt=\"\" \/><\/a><\/figure><div class=\"elementor-image-box-content\"><h3 class=\"elementor-image-box-title\"><a href=\"https:\/\/gjx.512.myftpupload.com\/bienfaits-2\/\">Benefits<\/a><\/h3><\/div><\/div>\t\t\t\t<\/div>\n\t\t\t\t<\/div>\n\t\t\t\t\t<\/div>\n\t\t<\/div>\n\t\t\t\t<div class=\"elementor-column elementor-col-16 elementor-top-column elementor-element elementor-element-11db822\" data-id=\"11db822\" data-element_type=\"column\" data-e-type=\"column\">\n\t\t\t<div class=\"elementor-widget-wrap elementor-element-populated\">\n\t\t\t\t\t\t<div class=\"elementor-element elementor-element-583f012 elementor-position-top elementor-widget elementor-widget-image-box\" data-id=\"583f012\" data-element_type=\"widget\" data-e-type=\"widget\" data-widget_type=\"image-box.default\">\n\t\t\t\t<div class=\"elementor-widget-container\">\n\t\t\t\t\t<div class=\"elementor-image-box-wrapper\"><figure class=\"elementor-image-box-img\"><a href=\"https:\/\/gjx.512.myftpupload.com\/seeances\/\" tabindex=\"-1\"><img loading=\"lazy\" decoding=\"async\" width=\"150\" height=\"150\" src=\"https:\/\/eft-emotion.com\/wp-content\/uploads\/2022\/10\/106428628-pierres-zen-dans-l-eau-150x150.jpg\" class=\"elementor-animation-grow attachment-thumbnail size-thumbnail wp-image-671\" alt=\"\" \/><\/a><\/figure><div class=\"elementor-image-box-content\"><h3 class=\"elementor-image-box-title\"><a href=\"https:\/\/gjx.512.myftpupload.com\/seeances\/\">Sessions <\/a><\/h3><\/div><\/div>\t\t\t\t<\/div>\n\t\t\t\t<\/div>\n\t\t\t\t\t<\/div>\n\t\t<\/div>\n\t\t\t\t<div class=\"elementor-column elementor-col-16 elementor-top-column elementor-element elementor-element-703ea25\" data-id=\"703ea25\" data-element_type=\"column\" data-e-type=\"column\">\n\t\t\t<div class=\"elementor-widget-wrap elementor-element-populated\">\n\t\t\t\t\t\t<div class=\"elementor-element elementor-element-0602a02 elementor-position-top elementor-widget elementor-widget-image-box\" data-id=\"0602a02\" data-element_type=\"widget\" data-e-type=\"widget\" data-widget_type=\"image-box.default\">\n\t\t\t\t<div class=\"elementor-widget-container\">\n\t\t\t\t\t<div class=\"elementor-image-box-wrapper\"><figure class=\"elementor-image-box-img\"><a href=\"https:\/\/eft-emotion.com\/en_gb\/evenements\/\" tabindex=\"-1\"><img loading=\"lazy\" decoding=\"async\" width=\"150\" height=\"150\" src=\"https:\/\/eft-emotion.com\/wp-content\/uploads\/2022\/11\/images-4-2-150x150.jpeg\" class=\"elementor-animation-grow attachment-thumbnail size-thumbnail wp-image-895\" alt=\"\" srcset=\"https:\/\/eft-emotion.com\/wp-content\/uploads\/2022\/11\/images-4-2-150x150.jpeg 150w, https:\/\/eft-emotion.com\/wp-content\/uploads\/2022\/11\/elementor\/thumbs\/images-4-2-pxt08cp5nvoumdgmu4wfzfyuw4v4iyrtkh3it1owli.jpeg 7w\" sizes=\"(max-width: 150px) 100vw, 150px\" \/><\/a><\/figure><div class=\"elementor-image-box-content\"><h3 class=\"elementor-image-box-title\"><a href=\"https:\/\/eft-emotion.com\/en_gb\/evenements\/\">Events<\/a><\/h3><\/div><\/div>\t\t\t\t<\/div>\n\t\t\t\t<\/div>\n\t\t\t\t\t<\/div>\n\t\t<\/div>\n\t\t\t\t<div class=\"elementor-column elementor-col-16 elementor-top-column elementor-element elementor-element-e9e06de\" data-id=\"e9e06de\" data-element_type=\"column\" data-e-type=\"column\">\n\t\t\t<div class=\"elementor-widget-wrap elementor-element-populated\">\n\t\t\t\t\t\t<div class=\"elementor-element elementor-element-327e122 elementor-position-top elementor-widget elementor-widget-image-box\" data-id=\"327e122\" data-element_type=\"widget\" data-e-type=\"widget\" data-widget_type=\"image-box.default\">\n\t\t\t\t<div class=\"elementor-widget-container\">\n\t\t\t\t\t<div class=\"elementor-image-box-wrapper\"><figure class=\"elementor-image-box-img\"><a href=\"https:\/\/gjx.512.myftpupload.com\/tarifs-contact\/\" tabindex=\"-1\"><img loading=\"lazy\" decoding=\"async\" width=\"150\" height=\"150\" src=\"https:\/\/eft-emotion.com\/wp-content\/uploads\/2022\/12\/photos-gratuites-libres-de-droits-domaine-public-creative-commons-telechargement-libre1-1560x1040-1-150x150.jpg\" class=\"elementor-animation-grow attachment-thumbnail size-thumbnail wp-image-1184\" alt=\"\" \/><\/a><\/figure><div class=\"elementor-image-box-content\"><h3 class=\"elementor-image-box-title\"><a href=\"https:\/\/gjx.512.myftpupload.com\/tarifs-contact\/\">Book a session<\/a><\/h3><\/div><\/div>\t\t\t\t<\/div>\n\t\t\t\t<\/div>\n\t\t\t\t\t<\/div>\n\t\t<\/div>\n\t\t\t\t\t<\/div>\n\t\t<\/section>\n\t\t\t\t<\/div>","protected":false},"excerpt":{"rendered":"<p>Qui suis-je? Sylvie Coin Praticienne EFT BIENVENUE sur EFT-Emotion Si vous souhaitez vous lib\u00e9rer de vos douleurs physiques et de votre souffrance \u00e9motionnelle, vous \u00eates au bon endroit. \u00ab\u00a0Le plus grand secret du bonheur est d&rsquo;\u00eatre bien avec soi\u00a0\u00bbSocrate A propos de l&rsquo;EFT Comment \u00e7a marche ? Les Bienfaits? S\u00e9ances Ev\u00e9nements Prendre rendez-vous<\/p>","protected":false},"author":1,"featured_media":0,"parent":0,"menu_order":0,"comment_status":"closed","ping_status":"closed","template":"elementor_header_footer","meta":{"_coblocks_attr":"","_coblocks_dimensions":"","_coblocks_responsive_height":"","_coblocks_accordion_ie_support":"","hide_page_title":"","footnotes":""},"class_list":["post-290","page","type-page","status-publish","hentry"],"_links":{"self":[{"href":"https:\/\/eft-emotion.com\/en_gb\/wp-json\/wp\/v2\/pages\/290","targetHints":{"allow":["GET"]}}],"collection":[{"href":"https:\/\/eft-emotion.com\/en_gb\/wp-json\/wp\/v2\/pages"}],"about":[{"href":"https:\/\/eft-emotion.com\/en_gb\/wp-json\/wp\/v2\/types\/page"}],"author":[{"embeddable":true,"href":"https:\/\/eft-emotion.com\/en_gb\/wp-json\/wp\/v2\/users\/1"}],"replies":[{"embeddable":true,"href":"https:\/\/eft-emotion.com\/en_gb\/wp-json\/wp\/v2\/comments?post=290"}],"version-history":[{"count":213,"href":"https:\/\/eft-emotion.com\/en_gb\/wp-json\/wp\/v2\/pages\/290\/revisions"}],"predecessor-version":[{"id":1713,"href":"https:\/\/eft-emotion.com\/en_gb\/wp-json\/wp\/v2\/pages\/290\/revisions\/1713"}],"wp:attachment":[{"href":"https:\/\/eft-emotion.com\/en_gb\/wp-json\/wp\/v2\/media?parent=290"}],"curies":[{"name":"wp","href":"https:\/\/api.w.org\/{rel}","templated":true}]}}